{"id":5,"date":"2011-07-14T19:45:29","date_gmt":"2011-07-14T19:45:29","guid":{"rendered":"http:\/\/www.karolanemillette.com\/portevoix\/?page_id=5"},"modified":"2014-02-24T16:51:41","modified_gmt":"2014-02-24T16:51:41","slug":"about-us","status":"publish","type":"page","link":"http:\/\/www.karolanemillette.com\/portevoix\/about-us\/","title":{"rendered":"Professeurs"},"content":{"rendered":"<div class=\"content-inner\">\n<div class=\"grid_16 \"><h2>Nos professeurs<\/h2>\n<ul class=\"recent-posts team\"><li class=\"post-1448 team type-team status-publish has-post-thumbnail hentry\"><figure class=\"featured-thumbnail\"><a href=\"http:\/\/www.karolanemillette.com\/portevoix\/team-view\/romane-tessier\/\" title=\"Romane Tessier\"><img decoding=\"async\"  src=\"http:\/\/www.karolanemillette.com\/portevoix\/wp-content\/uploads\/2023\/07\/Photo-Romane-2-100x100.jpeg\"\/><\/a><\/figure><h4><a href=\"http:\/\/www.karolanemillette.com\/portevoix\/team-view\/romane-tessier\/\" title=\"Romane Tessier\">Romane Tessier<\/a><\/h4><div class=\"excerpt\">Chant Professeure stagiaire avec nous depuis plus d&rsquo;un an, elle est forte de pr\u00e8s de... <\/div><div class=\"clear\"><\/div><\/li><!-- .entry (end) --><li class=\"post-850 team type-team status-publish has-post-thumbnail hentry\"><figure class=\"featured-thumbnail\"><a href=\"http:\/\/www.karolanemillette.com\/portevoix\/team-view\/jean-philippe-comeau\/\" title=\"Jean-Philippe Comeau\"><img decoding=\"async\"  src=\"http:\/\/www.karolanemillette.com\/portevoix\/wp-content\/uploads\/2017\/08\/E04_5673_par-NathB-e1689689655287-100x100.jpg\"\/><\/a><\/figure><h4><a href=\"http:\/\/www.karolanemillette.com\/portevoix\/team-view\/jean-philippe-comeau\/\" title=\"Jean-Philippe Comeau\">Jean-Philippe Comeau<\/a><\/h4><div class=\"excerpt\">Guitare &#8211; Basse &#8211; Piano &#8211; Ukulele &#8211; Harmonica Professeur de guitare et g\u00e9rant de... <\/div><div class=\"clear\"><\/div><\/li><!-- .entry (end) --><li class=\"post-631 team type-team status-publish has-post-thumbnail hentry\"><figure class=\"featured-thumbnail\"><a href=\"http:\/\/www.karolanemillette.com\/portevoix\/team-view\/karolane-millette\/\" title=\"Karolane Millette\"><img decoding=\"async\"  src=\"http:\/\/www.karolanemillette.com\/portevoix\/wp-content\/uploads\/2011\/07\/E04_5726_par-NathB-carr\u00e9e-100x100.jpeg\"\/><\/a><\/figure><h4><a href=\"http:\/\/www.karolanemillette.com\/portevoix\/team-view\/karolane-millette\/\" title=\"Karolane Millette\">Karolane Millette<\/a><\/h4><div class=\"excerpt\">Chant, Piano, Piano-Voix, Th\u00e9orie et Solf\u00e8ge, \u00c9veil musical, Pr\u00e9paration aux tests d\u2019admission Biographie... <\/div><div class=\"clear\"><\/div><\/li><!-- .entry (end) --><\/ul><!-- .recent-posts (end) --><\/div>\n<div class=\"clear\"><\/div><\/div><!-- .content-inner (end) -->\n","protected":false},"excerpt":{"rendered":"","protected":false},"author":1,"featured_media":0,"parent":0,"menu_order":1,"comment_status":"open","ping_status":"closed","template":"page-fullwidth.php","meta":{"footnotes":""},"class_list":["post-5","page","type-page","status-publish","hentry"],"_links":{"self":[{"href":"http:\/\/www.karolanemillette.com\/portevoix\/wp-json\/wp\/v2\/pages\/5","targetHints":{"allow":["GET"]}}],"collection":[{"href":"http:\/\/www.karolanemillette.com\/portevoix\/wp-json\/wp\/v2\/pages"}],"about":[{"href":"http:\/\/www.karolanemillette.com\/portevoix\/wp-json\/wp\/v2\/types\/page"}],"author":[{"embeddable":true,"href":"http:\/\/www.karolanemillette.com\/portevoix\/wp-json\/wp\/v2\/users\/1"}],"replies":[{"embeddable":true,"href":"http:\/\/www.karolanemillette.com\/portevoix\/wp-json\/wp\/v2\/comments?post=5"}],"version-history":[{"count":73,"href":"http:\/\/www.karolanemillette.com\/portevoix\/wp-json\/wp\/v2\/pages\/5\/revisions"}],"predecessor-version":[{"id":758,"href":"http:\/\/www.karolanemillette.com\/portevoix\/wp-json\/wp\/v2\/pages\/5\/revisions\/758"}],"wp:attachment":[{"href":"http:\/\/www.karolanemillette.com\/portevoix\/wp-json\/wp\/v2\/media?parent=5"}],"curies":[{"name":"wp","href":"https:\/\/api.w.org\/{rel}","templated":true}]}}